{"id":408,"date":"2019-05-29T15:58:57","date_gmt":"2019-05-29T13:58:57","guid":{"rendered":"http:\/\/www.dragacevac.rs\/servis\/?page_id=408"},"modified":"2020-11-10T11:14:23","modified_gmt":"2020-11-10T10:14:23","slug":"montaza-i-demontaza-guma","status":"publish","type":"page","link":"https:\/\/www.dragacevac.rs\/servis\/montaza-i-demontaza-guma\/","title":{"rendered":"Monta\u017ea i demonta\u017ea guma"},"content":{"rendered":"\t\t<div data-elementor-type=\"wp-post\" data-elementor-id=\"408\" class=\"elementor elementor-408\" data-elementor-post-type=\"page\">\n\t\t\t\t\t\t<section class=\"elementor-section elementor-top-section elementor-element elementor-element-1c29c3ce elementor-section-content-bottom elementor-section-boxed elementor-section-height-default elementor-section-height-default\" data-id=\"1c29c3ce\" data-element_type=\"section\" data-e-type=\"section\" data-settings=\"{&quot;background_background&quot;:&quot;classic&quot;}\">\n\t\t\t\t\t\t\t<div class=\"elementor-background-overlay\"><\/div>\n\t\t\t\t\t\t\t<div class=\"elementor-container elementor-column-gap-no\">\n\t\t\t\t\t<div class=\"elementor-column elementor-col-50 elementor-top-column elementor-element elementor-element-76f40e46\" data-id=\"76f40e46\" data-element_type=\"column\" data-e-type=\"column\">\n\t\t\t<div class=\"elementor-widget-wrap elementor-element-populated\">\n\t\t\t\t\t\t<div class=\"elementor-element elementor-element-74badeee elementor-widget elementor-widget-heading\" data-id=\"74badeee\" data-element_type=\"widget\" data-e-type=\"widget\" data-widget_type=\"heading.default\">\n\t\t\t\t<div class=\"elementor-widget-container\">\n\t\t\t\t\t<h1 class=\"elementor-heading-title elementor-size-default\">Va\u0161e <span style=\"color:#0076FF\">gume<\/span>\n<br>su Va\u0161a sigurnost<\/h1>\t\t\t\t<\/div>\n\t\t\t\t<\/div>\n\t\t\t\t<div class=\"elementor-element elementor-element-510e009e elementor-widget elementor-widget-text-editor\" data-id=\"510e009e\" data-element_type=\"widget\" data-e-type=\"widget\" data-widget_type=\"text-editor.default\">\n\t\t\t\t<div class=\"elementor-widget-container\">\n\t\t\t\t\t\t\t\t\t<p>Redovna izmena guma i briga o njima van sezone, zna\u010dajno \u0107e pobolj\u0161ati sigurnos voza\u010da<\/p>\t\t\t\t\t\t\t\t<\/div>\n\t\t\t\t<\/div>\n\t\t\t\t<div class=\"elementor-element elementor-element-f3fdf64 elementor-align-left elementor-mobile-align-center elementor-widget elementor-widget-button\" data-id=\"f3fdf64\" data-element_type=\"widget\" data-e-type=\"widget\" data-widget_type=\"button.default\">\n\t\t\t\t<div class=\"elementor-widget-container\">\n\t\t\t\t\t\t\t\t\t<div class=\"elementor-button-wrapper\">\n\t\t\t\t\t<a class=\"elementor-button elementor-button-link elementor-size-md\" href=\"http:\/\/www.dragacevac.rs\/servis\/upit\/\">\n\t\t\t\t\t\t<span class=\"elementor-button-content-wrapper\">\n\t\t\t\t\t\t<span class=\"elementor-button-icon\">\n\t\t\t\t\t\t\t\t\t<i class=\"fa fa-long-arrow-right\" aria-hidden=\"true\"><\/i>\n\t\t\t\t\t\t\t<\/span>\n\t\t\t\t\t\t\t\t\t<span class=\"elementor-button-text\">Zaka\u017eite svoj termin<\/span>\n\t\t\t\t\t<\/span>\n\t\t\t\t\t<\/a>\n\t\t\t\t<\/div>\n\t\t\t\t\t\t\t\t<\/div>\n\t\t\t\t<\/div>\n\t\t\t\t\t<\/div>\n\t\t<\/div>\n\t\t\t\t<div class=\"elementor-column elementor-col-50 elementor-top-column elementor-element elementor-element-10958cde\" data-id=\"10958cde\" data-element_type=\"column\" data-e-type=\"column\">\n\t\t\t<div class=\"elementor-widget-wrap\">\n\t\t\t\t\t\t\t<\/div>\n\t\t<\/div>\n\t\t\t\t\t<\/div>\n\t\t<\/section>\n\t\t\t\t<section class=\"elementor-section elementor-top-section elementor-element elementor-element-23e9376 elementor-section-boxed elementor-section-height-default elementor-section-height-default\" data-id=\"23e9376\" data-element_type=\"section\" data-e-type=\"section\">\n\t\t\t\t\t\t<div class=\"elementor-container elementor-column-gap-default\">\n\t\t\t\t\t<div class=\"elementor-column elementor-col-100 elementor-top-column elementor-element elementor-element-caf8089\" data-id=\"caf8089\" data-element_type=\"column\" data-e-type=\"column\">\n\t\t\t<div class=\"elementor-widget-wrap elementor-element-populated\">\n\t\t\t\t\t\t<section class=\"elementor-section elementor-inner-section elementor-element elementor-element-616b9b1 elementor-section-boxed elementor-section-height-default elementor-section-height-default\" data-id=\"616b9b1\" data-element_type=\"section\" data-e-type=\"section\">\n\t\t\t\t\t\t<div class=\"elementor-container elementor-column-gap-default\">\n\t\t\t\t\t<div class=\"elementor-column elementor-col-50 elementor-inner-column elementor-element elementor-element-b7eba03\" data-id=\"b7eba03\" data-element_type=\"column\" data-e-type=\"column\">\n\t\t\t<div class=\"elementor-widget-wrap elementor-element-populated\">\n\t\t\t\t\t\t<div class=\"elementor-element elementor-element-5643830 elementor-widget elementor-widget-text-editor\" data-id=\"5643830\" data-element_type=\"widget\" data-e-type=\"widget\" data-widget_type=\"text-editor.default\">\n\t\t\t\t<div class=\"elementor-widget-container\">\n\t\t\t\t\t\t\t\t\t<p>Demonta\u017ea i monta\u017ea guma<\/p>\t\t\t\t\t\t\t\t<\/div>\n\t\t\t\t<\/div>\n\t\t\t\t<div class=\"elementor-element elementor-element-a511688 elementor-widget elementor-widget-text-editor\" data-id=\"a511688\" data-element_type=\"widget\" data-e-type=\"widget\" data-widget_type=\"text-editor.default\">\n\t\t\t\t<div class=\"elementor-widget-container\">\n\t\t\t\t\t\t\t\t\t<p>Demonta\u017ea i monta\u017ea guma je jedan od \u010de\u0161\u0107ih servisa ukoliko se stvari prepuste nepa\u017enji. Vrlo je va\u017eno imati na umu da pneumatici imaju svoju namenu u odre\u0111enim uslovima primene. Pri tom pre svega mislimo na letnje i zimske uslove. Vrlo va\u017eno je da znate da se gume na vozilima menjaju 2 puta godi\u0161nje. Kako vas sneg ne bi uhvatio sa letnjim gumama i temperature preko 30 stepeni sa zimskim, potrebno je da izvr\u0161ite redovnu promenu guma kako bi vozilo moglo normalno da funkcioni\u0161e na putu. Kori\u0161\u0107enje pogre\u0161nih guma na putu mo\u017ee dovesti do ugro\u017eavanja bezbednosti u vo\u017enji.<\/p><p>Sezonska zamena pneumatika zahteva veliku preciznost prilikom demonta\u017ee i postavljanja guma na felne. Ta preciznost se posti\u017ee posebnim alatima kako bi se to\u010dkovi izbalansirali prema tehni\u010dkim specifikacijama koje je proizvo\u0111a\u010d dao.<\/p><p>Pored toga \u0161to gume treba promeniti sa promenom godi\u0161njeg doba, stanje guma treba povremeno proveravati i nezavisno od vremenskih uslova. Obzirom da su pneumatici u stalnom dodiru sa putem, one se vremenom tro\u0161e i gube svoja svojstva.<\/p><p>Dubina profila tj. \u0161ara je najva\u017eniji pokazatelj stanja guma.\u00a0<\/p><p><span style=\"font-size: 17px;\">Kod novih guma, dubina \u0161ar aje 8mm, i kada vrednost do\u0111e do 3mm potrebno je izvr\u0161iti zamenu za nove. Pored dubine \u0161are, va\u017eno je proveriti i oblik gume kao i starost. Vremenom se gubi viskoznost, a i razne izbo\u010dine na gumi su znak da gumu treba menja\u0161i hitno.<\/span><\/p>\t\t\t\t\t\t\t\t<\/div>\n\t\t\t\t<\/div>\n\t\t\t\t<div class=\"elementor-element elementor-element-7a5e151 elementor-widget elementor-widget-text-editor\" data-id=\"7a5e151\" data-element_type=\"widget\" data-e-type=\"widget\" data-widget_type=\"text-editor.default\">\n\t\t\t\t<div class=\"elementor-widget-container\">\n\t\t\t\t\t\t\t\t\t<p>Kako se gume menjaju?<\/p>\t\t\t\t\t\t\t\t<\/div>\n\t\t\t\t<\/div>\n\t\t\t\t<div class=\"elementor-element elementor-element-6219fff elementor-widget elementor-widget-text-editor\" data-id=\"6219fff\" data-element_type=\"widget\" data-e-type=\"widget\" data-widget_type=\"text-editor.default\">\n\t\t\t\t<div class=\"elementor-widget-container\">\n\t\t\t\t\t\t\t\t\t<p>Prilikom posete servisu, skida se ceo to\u010dak, a zatim pomo\u0107u izmenjiga\u010da guma se gume skidaju sa felni. Nakon skidanja stare gume, na felnu se nanosi monta\u017ena pasta, pa se tek onda montira nova guma. Guma se zatim pumpa vazduhom ili ugljen dioksidom, pri \u010demu ugljen dioksid pravi manje fluktacije pritiska u gumama uzrokovanim spoljnim temperaturnim promenama. Serviseri \u0107e izvr\u0161iti nakon toga balansiranje i proveru ventila.<\/p><p>Veoma je va\u017eno da proveravate pritisak u gumamam povremeno iz razloga \u0161to odgovaraju\u0107i pritisak u gumama obezbe\u0111uje sigurnost u vo\u017enji, ekonomi\u010dnost tro\u0161enja \u0161ara ali i manju potro\u0161nju goriva.\u00a0<span style=\"font-size: 17px;\">Prenizak pritisak dovodi do uni\u0161tenja gazi\u0161ta gume brzim tro\u0161enjem ivica ali i velike potro\u0161nje goriva.\u00a0<\/span><span style=\"font-size: 17px;\">Previsok pritisak u gumama tako\u0111e brzo tro\u0161i gume iz razloga \u0161to se na taj na\u010din tro\u0161i gazi\u0161te.<\/span><\/p><p>Ipak, ne bi trebalo da provera bude problemati\u010dna, obzirom da se pritisak u gumamam uvek mo\u017ee roveriti na skoro svakoj benzinskoj pumpi. Proizvo\u0111a\u010d vozila se potrudio da na vidnom mestu postavi nalepnicu ili plo\u010dicu sa informacijama o pritisku u gumamam i ona se obi\u010dno mo\u017ee videti ili sa unutra\u0161nje strane vratanaca za gorico il ina ivici vrata vozila.<\/p>\t\t\t\t\t\t\t\t<\/div>\n\t\t\t\t<\/div>\n\t\t\t\t<div class=\"elementor-element elementor-element-3a62d77 elementor-widget elementor-widget-text-editor\" data-id=\"3a62d77\" data-element_type=\"widget\" data-e-type=\"widget\" data-widget_type=\"text-editor.default\">\n\t\t\t\t<div class=\"elementor-widget-container\">\n\t\t\t\t\t\t\t\t\t<p>Koja je razlika izme\u0111u zimskih i letnjih guma?<\/p>\t\t\t\t\t\t\t\t<\/div>\n\t\t\t\t<\/div>\n\t\t\t\t<div class=\"elementor-element elementor-element-ac7418e elementor-widget elementor-widget-text-editor\" data-id=\"ac7418e\" data-element_type=\"widget\" data-e-type=\"widget\" data-widget_type=\"text-editor.default\">\n\t\t\t\t<div class=\"elementor-widget-container\">\n\t\t\t\t\t\t\t\t\t<p>Prva razlika je sastavu gume. Zimske su tvr\u0111e jer sadr\u017ee ve\u0107i provenat silicijum dioksida, \u010dime se obezbe\u0111uje fleksibilnost i na niskim temperaturama. Bez toga, guma bi bila veoma tvrda. Me\u0111utim, pri visokim temperaturama, silicijum dioksid \u010dini da guma bude suvi\u0161e mekana i zobg toga \u0107e se brzo i tro\u0161iti.<\/p><p>Razlika izme\u0111u letnjih i zimskih guma je i u obliku gazi\u0161ta. Zimske gume imaju duboku \u0161aru, masivnije su od letnjih, imaju kanale u gazi\u0161tu podeljene na velike sektore koji slu\u017ee da isu\u0161uju vodu u vla\u017enim uslovima, a pri ulasku u sneg pobolj\u0161a\u0107e ko\u010denje. To \u0107e u\u010diniti da je auto stabilniji zimi, ali kako su leti visoke temperature, auto sa takvim gumama postaje nestabilan tokom vo\u017enje, pre svega zbog lo\u0161ijeg ko\u010denja po zagrejanom asfaltu na suvom.<\/p>\t\t\t\t\t\t\t\t<\/div>\n\t\t\t\t<\/div>\n\t\t\t\t<div class=\"elementor-element elementor-element-49f776d elementor-widget elementor-widget-spacer\" data-id=\"49f776d\" data-element_type=\"widget\" data-e-type=\"widget\" data-widget_type=\"spacer.default\">\n\t\t\t\t<div class=\"elementor-widget-container\">\n\t\t\t\t\t\t\t<div class=\"elementor-spacer\">\n\t\t\t<div class=\"elementor-spacer-inner\"><\/div>\n\t\t<\/div>\n\t\t\t\t\t\t<\/div>\n\t\t\t\t<\/div>\n\t\t\t\t<div class=\"elementor-element elementor-element-2c69781 elementor-widget elementor-widget-spacer\" data-id=\"2c69781\" data-element_type=\"widget\" data-e-type=\"widget\" data-widget_type=\"spacer.default\">\n\t\t\t\t<div class=\"elementor-widget-container\">\n\t\t\t\t\t\t\t<div class=\"elementor-spacer\">\n\t\t\t<div class=\"elementor-spacer-inner\"><\/div>\n\t\t<\/div>\n\t\t\t\t\t\t<\/div>\n\t\t\t\t<\/div>\n\t\t\t\t\t<\/div>\n\t\t<\/div>\n\t\t\t\t<div class=\"elementor-column elementor-col-50 elementor-inner-column elementor-element elementor-element-5fb33a2\" data-id=\"5fb33a2\" data-element_type=\"column\" data-e-type=\"column\" data-settings=\"{&quot;background_background&quot;:&quot;classic&quot;}\">\n\t\t\t<div class=\"elementor-widget-wrap elementor-element-populated\">\n\t\t\t\t\t\t<div class=\"elementor-element elementor-element-b2f392a elementor-widget elementor-widget-text-editor\" data-id=\"b2f392a\" data-element_type=\"widget\" data-e-type=\"widget\" data-widget_type=\"text-editor.default\">\n\t\t\t\t<div class=\"elementor-widget-container\">\n\t\t\t\t\t\t\t\t\t<p>Procedura<\/p>\t\t\t\t\t\t\t\t<\/div>\n\t\t\t\t<\/div>\n\t\t\t\t<div class=\"elementor-element elementor-element-3ac6d01 elementor-widget elementor-widget-text-editor\" data-id=\"3ac6d01\" data-element_type=\"widget\" data-e-type=\"widget\" data-widget_type=\"text-editor.default\">\n\t\t\t\t<div class=\"elementor-widget-container\">\n\t\t\t\t\t\t\t\t\t<ul><li>Demonta\u017ea pneumatika<\/li><li>Skidanje pneumatika sa felni<\/li><li>Postavljanje novog pneumatika na felnu<\/li><li>Monta\u017ea novog pneumatika<\/li><li>Balansiranje to\u010dka<\/li><li>MOnta\u017ea pneumatika na vozilo<\/li><\/ul>\t\t\t\t\t\t\t\t<\/div>\n\t\t\t\t<\/div>\n\t\t\t\t<div class=\"elementor-element elementor-element-08a3e50 elementor-widget elementor-widget-text-editor\" data-id=\"08a3e50\" data-element_type=\"widget\" data-e-type=\"widget\" data-widget_type=\"text-editor.default\">\n\t\t\t\t<div class=\"elementor-widget-container\">\n\t\t\t\t\t\t\t\t\t<p>Savet<\/p>\t\t\t\t\t\t\t\t<\/div>\n\t\t\t\t<\/div>\n\t\t\t\t<div class=\"elementor-element elementor-element-0509204 elementor-widget elementor-widget-text-editor\" data-id=\"0509204\" data-element_type=\"widget\" data-e-type=\"widget\" data-widget_type=\"text-editor.default\">\n\t\t\t\t<div class=\"elementor-widget-container\">\n\t\t\t\t\t\t\t\t\t<ul><li>\u0160ara na kori\u0161tenoj zimskoj gumi mora biti najmanje 5 mm<\/li><li>Va\u0161e gume su Va\u0161a sigurnost<\/li><li>Nove gume dolaze s 2-godi\u0161njom garancijom &#8211; ne\u0107ete dobiti garanciju za polovne gume<\/li><li>Kada se koristi u letnjim mesecima, zimska guma se tro\u0161i \u010dak 5 puta br\u017ee od letne gume<\/li><li>Zimske gume izra\u0111ene su od mek\u0161eg materijala, zbog \u010dega zadr\u017eavaju svojstva \u010dak i pri vrlo niskim temperaturama<\/li><\/ul>\t\t\t\t\t\t\t\t<\/div>\n\t\t\t\t<\/div>\n\t\t\t\t<div class=\"elementor-element elementor-element-91ccfdc elementor-button-align-stretch elementor-widget elementor-widget-form\" data-id=\"91ccfdc\" data-element_type=\"widget\" data-e-type=\"widget\" data-settings=\"{&quot;step_next_label&quot;:&quot;Next&quot;,&quot;step_previous_label&quot;:&quot;Previous&quot;,&quot;button_width&quot;:&quot;100&quot;,&quot;step_type&quot;:&quot;number_text&quot;,&quot;step_icon_shape&quot;:&quot;circle&quot;}\" data-widget_type=\"form.default\">\n\t\t\t\t<div class=\"elementor-widget-container\">\n\t\t\t\t\t\t\t<form class=\"elementor-form\" method=\"post\" id=\"servisni_upit_1\" name=\"Servisni upit\" aria-label=\"Servisni upit\">\n\t\t\t<input type=\"hidden\" name=\"post_id\" value=\"408\"\/>\n\t\t\t<input type=\"hidden\" name=\"form_id\" value=\"91ccfdc\"\/>\n\t\t\t<input type=\"hidden\" name=\"referer_title\" value=\"Monta\u017ea i demonta\u017ea guma \u00bb Draga\u010devac doo - Servis Mercedes i MAN vozila\" \/>\n\n\t\t\t\t\t\t\t<input type=\"hidden\" name=\"queried_id\" value=\"408\"\/>\n\t\t\t\n\t\t\t<div class=\"elementor-form-fields-wrapper elementor-labels-\">\n\t\t\t\t\t\t\t\t<div class=\"elementor-field-type-text elementor-field-group elementor-column elementor-field-group-field_1 elementor-col-100 elementor-field-required\">\n\t\t\t\t\t\t\t\t\t\t\t\t<label for=\"form-field-field_1\" class=\"elementor-field-label elementor-screen-only\">\n\t\t\t\t\t\t\t\tIme i prezime\t\t\t\t\t\t\t<\/label>\n\t\t\t\t\t\t\t\t\t\t\t\t\t\t<input size=\"1\" type=\"text\" name=\"form_fields[field_1]\" id=\"form-field-field_1\" class=\"elementor-field elementor-size-sm  elementor-field-textual\" placeholder=\"Ime i prezime\" required=\"required\">\n\t\t\t\t\t\t\t\t\t\t\t<\/div>\n\t\t\t\t\t\t\t\t<div class=\"elementor-field-type-email elementor-field-group elementor-column elementor-field-group-field_2 elementor-col-100 elementor-field-required\">\n\t\t\t\t\t\t\t\t\t\t\t\t<label for=\"form-field-field_2\" class=\"elementor-field-label elementor-screen-only\">\n\t\t\t\t\t\t\t\tEmail\t\t\t\t\t\t\t<\/label>\n\t\t\t\t\t\t\t\t\t\t\t\t\t\t<input size=\"1\" type=\"email\" name=\"form_fields[field_2]\" id=\"form-field-field_2\" class=\"elementor-field elementor-size-sm  elementor-field-textual\" placeholder=\"Email\" required=\"required\">\n\t\t\t\t\t\t\t\t\t\t\t<\/div>\n\t\t\t\t\t\t\t\t<div class=\"elementor-field-type-text elementor-field-group elementor-column elementor-field-group-field_3 elementor-col-100\">\n\t\t\t\t\t\t\t\t\t\t\t\t<label for=\"form-field-field_3\" class=\"elementor-field-label elementor-screen-only\">\n\t\t\t\t\t\t\t\tFirma\t\t\t\t\t\t\t<\/label>\n\t\t\t\t\t\t\t\t\t\t\t\t\t\t<input size=\"1\" type=\"text\" name=\"form_fields[field_3]\" id=\"form-field-field_3\" class=\"elementor-field elementor-size-sm  elementor-field-textual\" placeholder=\"Firma\">\n\t\t\t\t\t\t\t\t\t\t\t<\/div>\n\t\t\t\t\t\t\t\t<div class=\"elementor-field-type-textarea elementor-field-group elementor-column elementor-field-group-field_4 elementor-col-100 elementor-field-required\">\n\t\t\t\t\t\t\t\t\t\t\t\t<label for=\"form-field-field_4\" class=\"elementor-field-label elementor-screen-only\">\n\t\t\t\t\t\t\t\tUnesite va\u0161 upit.\t\t\t\t\t\t\t<\/label>\n\t\t\t\t\t\t<textarea class=\"elementor-field-textual elementor-field  elementor-size-sm\" name=\"form_fields[field_4]\" id=\"form-field-field_4\" rows=\"4\" placeholder=\"Unesite va\u0161 upit.\" required=\"required\"><\/textarea>\t\t\t\t<\/div>\n\t\t\t\t\t\t\t\t<div class=\"elementor-field-type-recaptcha elementor-field-group elementor-column elementor-field-group-field_5 elementor-col-100\">\n\t\t\t\t\t<div class=\"elementor-field\" id=\"form-field-field_5\"><div class=\"elementor-g-recaptcha\" data-sitekey=\"6Ldy7KYUAAAAANouuKTljQdtgrNZ0RkO2cMRZmF0\" data-type=\"v2_checkbox\" data-theme=\"light\" data-size=\"compact\"><\/div><\/div>\t\t\t\t<\/div>\n\t\t\t\t\t\t\t\t<div class=\"elementor-field-group elementor-column elementor-field-type-submit elementor-col-100 e-form__buttons\">\n\t\t\t\t\t<button class=\"elementor-button elementor-size-sm\" type=\"submit\" id=\"field_5\">\n\t\t\t\t\t\t<span class=\"elementor-button-content-wrapper\">\n\t\t\t\t\t\t\t\t\t\t\t\t\t\t\t<span class=\"elementor-button-icon\">\n\t\t\t\t\t\t\t\t\t<i class=\"fa fa-chevron-right\" aria-hidden=\"true\"><\/i>\t\t\t\t\t\t\t\t\t\t\t\t\t\t\t\t\t<\/span>\n\t\t\t\t\t\t\t\t\t\t\t\t\t\t\t\t\t\t\t\t\t\t<span class=\"elementor-button-text\">Po\u0161alji upit<\/span>\n\t\t\t\t\t\t\t\t\t\t\t\t\t<\/span>\n\t\t\t\t\t<\/button>\n\t\t\t\t<\/div>\n\t\t\t<\/div>\n\t\t<\/form>\n\t\t\t\t\t\t<\/div>\n\t\t\t\t<\/div>\n\t\t\t\t\t<\/div>\n\t\t<\/div>\n\t\t\t\t\t<\/div>\n\t\t<\/section>\n\t\t\t\t\t<\/div>\n\t\t<\/div>\n\t\t\t\t\t<\/div>\n\t\t<\/section>\n\t\t\t\t<\/div>\n\t\t","protected":false},"excerpt":{"rendered":"<p>Va\u0161e gume su Va\u0161a sigurnost Redovna izmena guma i briga o njima van sezone, zna\u010dajno \u0107e pobolj\u0161ati sigurnos voza\u010da Zaka\u017eite svoj termin Demonta\u017ea i monta\u017ea guma Demonta\u017ea i monta\u017ea guma je jedan od \u010de\u0161\u0107ih servisa ukoliko se stvari prepuste nepa\u017enji. Vrlo je va\u017eno imati na umu da pneumatici imaju svoju namenu u odre\u0111enim uslovima primene. [&hellip;]<\/p>\n","protected":false},"author":1,"featured_media":0,"parent":0,"menu_order":0,"comment_status":"closed","ping_status":"closed","template":"elementor_canvas","meta":{"footnotes":""},"class_list":["post-408","page","type-page","status-publish","hentry"],"aioseo_notices":[],"_links":{"self":[{"href":"https:\/\/www.dragacevac.rs\/servis\/wp-json\/wp\/v2\/pages\/408","targetHints":{"allow":["GET"]}}],"collection":[{"href":"https:\/\/www.dragacevac.rs\/servis\/wp-json\/wp\/v2\/pages"}],"about":[{"href":"https:\/\/www.dragacevac.rs\/servis\/wp-json\/wp\/v2\/types\/page"}],"author":[{"embeddable":true,"href":"https:\/\/www.dragacevac.rs\/servis\/wp-json\/wp\/v2\/users\/1"}],"replies":[{"embeddable":true,"href":"https:\/\/www.dragacevac.rs\/servis\/wp-json\/wp\/v2\/comments?post=408"}],"version-history":[{"count":15,"href":"https:\/\/www.dragacevac.rs\/servis\/wp-json\/wp\/v2\/pages\/408\/revisions"}],"predecessor-version":[{"id":1397,"href":"https:\/\/www.dragacevac.rs\/servis\/wp-json\/wp\/v2\/pages\/408\/revisions\/1397"}],"wp:attachment":[{"href":"https:\/\/www.dragacevac.rs\/servis\/wp-json\/wp\/v2\/media?parent=408"}],"curies":[{"name":"wp","href":"https:\/\/api.w.org\/{rel}","templated":true}]}}